{"id":36,"date":"2021-08-24T21:09:53","date_gmt":"2021-08-24T21:09:53","guid":{"rendered":"https:\/\/www.gyvenimasinkile.lt\/shop\/produktas\/hoodie-with-logo-2\/"},"modified":"2025-12-01T18:06:15","modified_gmt":"2025-12-01T18:06:15","slug":"dzemperisp","status":"publish","type":"product","link":"https:\/\/www.gyvenimasinkile.lt\/shop\/lt\/produktas\/dzemperisp\/","title":{"rendered":"D\u017eemperis"},"content":{"rendered":"<p>D\u017eemperis su i\u0161siuvin\u0117tu \u201eGyvenimas Inkile\u201c logotipu <strong>(Logotipas gali skirtis nei atvaizduota nuotraukoje!)<\/strong><br \/>\n<strong>Logotipas yra priekyje (ma\u017eesnis) ir nugaroje (didesnis).<\/strong><br \/>\nAuk\u0161tos kokyb\u0117s d\u017eemperis vyrams ir moterims<\/p>\n","protected":false},"excerpt":{"rendered":"<p>D\u017eemperis su i\u0161siuvin\u0117tu \u201eGyvenimas Inkile\u201c logotipu.<\/p>\n","protected":false},"featured_media":1858,"comment_status":"open","ping_status":"closed","template":"","meta":[],"product_cat":[27],"product_tag":[],"class_list":["post-36","product","type-product","status-publish","has-post-thumbnail","hentry","product_cat-dzemperiai"],"jetpack_sharing_enabled":true,"_links":{"self":[{"href":"https:\/\/www.gyvenimasinkile.lt\/shop\/lt\/wp-json\/wp\/v2\/product\/36","targetHints":{"allow":["GET"]}}],"collection":[{"href":"https:\/\/www.gyvenimasinkile.lt\/shop\/lt\/wp-json\/wp\/v2\/product"}],"about":[{"href":"https:\/\/www.gyvenimasinkile.lt\/shop\/lt\/wp-json\/wp\/v2\/types\/product"}],"replies":[{"embeddable":true,"href":"https:\/\/www.gyvenimasinkile.lt\/shop\/lt\/wp-json\/wp\/v2\/comments?post=36"}],"wp:featuredmedia":[{"embeddable":true,"href":"https:\/\/www.gyvenimasinkile.lt\/shop\/lt\/wp-json\/wp\/v2\/media\/1858"}],"wp:attachment":[{"href":"https:\/\/www.gyvenimasinkile.lt\/shop\/lt\/wp-json\/wp\/v2\/media?parent=36"}],"wp:term":[{"taxonomy":"product_cat","embeddable":true,"href":"https:\/\/www.gyvenimasinkile.lt\/shop\/lt\/wp-json\/wp\/v2\/product_cat?post=36"},{"taxonomy":"product_tag","embeddable":true,"href":"https:\/\/www.gyvenimasinkile.lt\/shop\/lt\/wp-json\/wp\/v2\/product_tag?post=36"}],"curies":[{"name":"wp","href":"https:\/\/api.w.org\/{rel}","templated":true}]}}