{"id":1909,"date":"2021-10-14T08:38:28","date_gmt":"2021-10-14T08:38:28","guid":{"rendered":"https:\/\/www.gyvenimasinkile.lt\/shop\/?page_id=1909"},"modified":"2021-10-14T09:18:41","modified_gmt":"2021-10-14T09:18:41","slug":"kontaktai","status":"publish","type":"page","link":"https:\/\/www.gyvenimasinkile.lt\/shop\/lt\/kontaktai\/","title":{"rendered":"Kontaktai"},"content":{"rendered":"<p>\u012emon\u0117s rekvizitai:<\/p>\n<p>UAB \u201eGyvenimas Inkile\u201c<br \/>\n\u012emon\u0117s kodas: 305726552<br \/>\nPVM mok\u0117tojo kodas:<br \/>\nLT100013995411<br \/>\nEl.pa\u0161tas:<br \/>\n<a href=\"mailto:shop@gyvenimasinkile.lt\">shop@gyvenimasinkile.lt<\/a><\/p>\n<p>Taikos g. 46-34, LT-05237 Vilnius<\/p>\n<p>Tel: +37060810227<\/p>\n<p>Taip pat susisiekti galite u\u017epild\u0119 kontakt\u0173 form\u0105 <a href=\"https:\/\/www.gyvenimasinkile.lt\/shop\/lt\/susisiekti\/\">\u010dia.<\/a><\/p>\n","protected":false},"excerpt":{"rendered":"<p>\u012emon\u0117s rekvizitai: UAB \u201eGyvenimas Inkile\u201c \u012emon\u0117s kodas: 305726552 PVM mok\u0117tojo kodas: LT100013995411 El.pa\u0161tas: shop@gyvenimasinkile.lt Taikos g. 46-34, LT-05237 Vilnius Tel: +37060810227 Taip pat susisiekti galite u\u017epild\u0119 kontakt\u0173 form\u0105 \u010dia.<\/p>\n","protected":false},"author":1,"featured_media":0,"parent":0,"menu_order":0,"comment_status":"closed","ping_status":"closed","template":"","meta":{"footnotes":""},"class_list":["post-1909","page","type-page","status-publish","hentry"],"jetpack_sharing_enabled":true,"_links":{"self":[{"href":"https:\/\/www.gyvenimasinkile.lt\/shop\/lt\/wp-json\/wp\/v2\/pages\/1909","targetHints":{"allow":["GET"]}}],"collection":[{"href":"https:\/\/www.gyvenimasinkile.lt\/shop\/lt\/wp-json\/wp\/v2\/pages"}],"about":[{"href":"https:\/\/www.gyvenimasinkile.lt\/shop\/lt\/wp-json\/wp\/v2\/types\/page"}],"author":[{"embeddable":true,"href":"https:\/\/www.gyvenimasinkile.lt\/shop\/lt\/wp-json\/wp\/v2\/users\/1"}],"replies":[{"embeddable":true,"href":"https:\/\/www.gyvenimasinkile.lt\/shop\/lt\/wp-json\/wp\/v2\/comments?post=1909"}],"version-history":[{"count":0,"href":"https:\/\/www.gyvenimasinkile.lt\/shop\/lt\/wp-json\/wp\/v2\/pages\/1909\/revisions"}],"wp:attachment":[{"href":"https:\/\/www.gyvenimasinkile.lt\/shop\/lt\/wp-json\/wp\/v2\/media?parent=1909"}],"curies":[{"name":"wp","href":"https:\/\/api.w.org\/{rel}","templated":true}]}}